{"id":87,"date":"2022-11-22T13:21:38","date_gmt":"2022-11-22T12:21:38","guid":{"rendered":"http:\/\/manufah.cluster031.hosting.ovh.net\/?page_id=87"},"modified":"2025-03-16T10:12:23","modified_gmt":"2025-03-16T09:12:23","slug":"a-propos","status":"publish","type":"page","link":"https:\/\/maidoche.com\/index.php\/a-propos\/","title":{"rendered":"\u00c0 PROPOS"},"content":{"rendered":"\t\t<div data-elementor-type=\"wp-page\" data-elementor-id=\"87\" class=\"elementor elementor-87\">\n\t\t\t\t\t\t<section class=\"elementor-section elementor-top-section elementor-element elementor-element-9e5868e elementor-section-boxed elementor-section-height-default elementor-section-height-default elementor-invisible\" data-id=\"9e5868e\" data-element_type=\"section\" data-settings=\"{&quot;animation&quot;:&quot;fadeInDown&quot;}\">\n\t\t\t\t\t\t<div class=\"elementor-container elementor-column-gap-default\">\n\t\t\t\t\t<div class=\"elementor-column elementor-col-100 elementor-top-column elementor-element elementor-element-b3d7272\" data-id=\"b3d7272\" data-element_type=\"column\">\n\t\t\t<div class=\"elementor-widget-wrap elementor-element-populated\">\n\t\t\t\t\t\t<div class=\"elementor-element elementor-element-37b3d43 elementor-widget elementor-widget-heading\" data-id=\"37b3d43\" data-element_type=\"widget\" data-widget_type=\"heading.default\">\n\t\t\t\t<div class=\"elementor-widget-container\">\n\t\t\t<style>\/*! elementor - v3.21.0 - 08-05-2024 *\/\n.elementor-heading-title{padding:0;margin:0;line-height:1}.elementor-widget-heading .elementor-heading-title[class*=elementor-size-]>a{color:inherit;font-size:inherit;line-height:inherit}.elementor-widget-heading .elementor-heading-title.elementor-size-small{font-size:15px}.elementor-widget-heading .elementor-heading-title.elementor-size-medium{font-size:19px}.elementor-widget-heading .elementor-heading-title.elementor-size-large{font-size:29px}.elementor-widget-heading .elementor-heading-title.elementor-size-xl{font-size:39px}.elementor-widget-heading .elementor-heading-title.elementor-size-xxl{font-size:59px}<\/style><h2 class=\"elementor-heading-title elementor-size-default\">NOS ACTUALIT\u00c9S<\/h2>\t\t<\/div>\n\t\t\t\t<\/div>\n\t\t\t\t\t<\/div>\n\t\t<\/div>\n\t\t\t\t\t<\/div>\n\t\t<\/section>\n\t\t\t\t<section class=\"elementor-section elementor-top-section elementor-element elementor-element-4f51d0a elementor-section-boxed elementor-section-height-default elementor-section-height-default\" data-id=\"4f51d0a\" data-element_type=\"section\">\n\t\t\t\t\t\t<div class=\"elementor-container elementor-column-gap-default\">\n\t\t\t\t\t<div class=\"elementor-column elementor-col-100 elementor-top-column elementor-element elementor-element-bcc4d22\" data-id=\"bcc4d22\" data-element_type=\"column\">\n\t\t\t<div class=\"elementor-widget-wrap elementor-element-populated\">\n\t\t\t\t\t\t<div class=\"elementor-element elementor-element-2dea258 elementor-widget elementor-widget-text-editor\" data-id=\"2dea258\" data-element_type=\"widget\" data-widget_type=\"text-editor.default\">\n\t\t\t\t<div class=\"elementor-widget-container\">\n\t\t\t<style>\/*! elementor - v3.21.0 - 08-05-2024 *\/\n.elementor-widget-text-editor.elementor-drop-cap-view-stacked .elementor-drop-cap{background-color:#69727d;color:#fff}.elementor-widget-text-editor.elementor-drop-cap-view-framed .elementor-drop-cap{color:#69727d;border:3px solid;background-color:transparent}.elementor-widget-text-editor:not(.elementor-drop-cap-view-default) .elementor-drop-cap{margin-top:8px}.elementor-widget-text-editor:not(.elementor-drop-cap-view-default) .elementor-drop-cap-letter{width:1em;height:1em}.elementor-widget-text-editor .elementor-drop-cap{float:left;text-align:center;line-height:1;font-size:50px}.elementor-widget-text-editor .elementor-drop-cap-letter{display:inline-block}<\/style>\t\t\t\t<p><span style=\"color: #333333;\">Remplacement \u00e0 l&rsquo;identique d&rsquo;un ensemble de fen\u00eatres et de portes en bois pr\u00e8s de Jonzac en Charente Maritime, dans une maison de ma\u00eetre \u00e0 proximit\u00e9 d&rsquo;une \u00c9glise class\u00e9e monument historique.<\/span><\/p>\t\t\t\t\t\t<\/div>\n\t\t\t\t<\/div>\n\t\t\t\t\t<\/div>\n\t\t<\/div>\n\t\t\t\t\t<\/div>\n\t\t<\/section>\n\t\t\t\t<section class=\"elementor-section elementor-top-section elementor-element elementor-element-c33c3a0 elementor-section-boxed elementor-section-height-default elementor-section-height-default\" data-id=\"c33c3a0\" data-element_type=\"section\">\n\t\t\t\t\t\t<div class=\"elementor-container elementor-column-gap-default\">\n\t\t\t\t\t<div class=\"elementor-column elementor-col-100 elementor-top-column elementor-element elementor-element-8476bc0\" data-id=\"8476bc0\" data-element_type=\"column\">\n\t\t\t<div class=\"elementor-widget-wrap elementor-element-populated\">\n\t\t\t\t\t\t<div class=\"elementor-element elementor-element-33f18f7 elementor-widget__width-inherit elementor-widget elementor-widget-image\" data-id=\"33f18f7\" data-element_type=\"widget\" data-widget_type=\"image.default\">\n\t\t\t\t<div class=\"elementor-widget-container\">\n\t\t\t<style>\/*! elementor - v3.21.0 - 08-05-2024 *\/\n.elementor-widget-image{text-align:center}.elementor-widget-image a{display:inline-block}.elementor-widget-image a img[src$=\".svg\"]{width:48px}.elementor-widget-image img{vertical-align:middle;display:inline-block}<\/style>\t\t\t\t\t\t\t\t\t\t<img fetchpriority=\"high\" decoding=\"async\" width=\"1195\" height=\"792\" src=\"https:\/\/maidoche.com\/wp-content\/uploads\/2025\/03\/remplacement_fenetre_en_bois_cremone_geule_de_loup_charente_maritime_jonzac.jpg\" class=\"attachment-full size-full wp-image-1162\" alt=\"Remplacement \u00e0 l&#039;identique d&#039;une fen\u00eatre en bois pr\u00e8s de Jonzac en Charente Maritime install\u00e9es \u00e0 proximit\u00e9 d&#039;une Eglise class\u00e9e monument historique.\" srcset=\"https:\/\/maidoche.com\/wp-content\/uploads\/2025\/03\/remplacement_fenetre_en_bois_cremone_geule_de_loup_charente_maritime_jonzac.jpg 1195w, https:\/\/maidoche.com\/wp-content\/uploads\/2025\/03\/remplacement_fenetre_en_bois_cremone_geule_de_loup_charente_maritime_jonzac-300x199.jpg 300w, https:\/\/maidoche.com\/wp-content\/uploads\/2025\/03\/remplacement_fenetre_en_bois_cremone_geule_de_loup_charente_maritime_jonzac-1024x679.jpg 1024w, https:\/\/maidoche.com\/wp-content\/uploads\/2025\/03\/remplacement_fenetre_en_bois_cremone_geule_de_loup_charente_maritime_jonzac-768x509.jpg 768w\" sizes=\"(max-width: 1195px) 100vw, 1195px\" \/>\t\t\t\t\t\t\t\t\t\t\t\t\t<\/div>\n\t\t\t\t<\/div>\n\t\t\t\t\t<\/div>\n\t\t<\/div>\n\t\t\t\t\t<\/div>\n\t\t<\/section>\n\t\t\t\t<section class=\"elementor-section elementor-top-section elementor-element elementor-element-12b308e elementor-section-boxed elementor-section-height-default elementor-section-height-default\" data-id=\"12b308e\" data-element_type=\"section\">\n\t\t\t\t\t\t<div class=\"elementor-container elementor-column-gap-default\">\n\t\t\t\t\t<div class=\"elementor-column elementor-col-33 elementor-top-column elementor-element elementor-element-84cb34a\" data-id=\"84cb34a\" data-element_type=\"column\">\n\t\t\t<div class=\"elementor-widget-wrap elementor-element-populated\">\n\t\t\t\t\t\t<div class=\"elementor-element elementor-element-c18faf2 elementor-widget elementor-widget-image\" data-id=\"c18faf2\" data-element_type=\"widget\" data-widget_type=\"image.default\">\n\t\t\t\t<div class=\"elementor-widget-container\">\n\t\t\t\t\t\t\t\t\t\t\t\t\t<img decoding=\"async\" width=\"786\" height=\"1024\" src=\"https:\/\/maidoche.com\/wp-content\/uploads\/2025\/03\/fenetre-en-bois-cremone-geule-de-loup-charente-maritime-jonzac-petit-bois-786x1024.jpg\" class=\"attachment-large size-large wp-image-1176\" alt=\"\" srcset=\"https:\/\/maidoche.com\/wp-content\/uploads\/2025\/03\/fenetre-en-bois-cremone-geule-de-loup-charente-maritime-jonzac-petit-bois-786x1024.jpg 786w, https:\/\/maidoche.com\/wp-content\/uploads\/2025\/03\/fenetre-en-bois-cremone-geule-de-loup-charente-maritime-jonzac-petit-bois-230x300.jpg 230w, https:\/\/maidoche.com\/wp-content\/uploads\/2025\/03\/fenetre-en-bois-cremone-geule-de-loup-charente-maritime-jonzac-petit-bois-768x1001.jpg 768w, https:\/\/maidoche.com\/wp-content\/uploads\/2025\/03\/fenetre-en-bois-cremone-geule-de-loup-charente-maritime-jonzac-petit-bois.jpg 1040w\" sizes=\"(max-width: 786px) 100vw, 786px\" \/>\t\t\t\t\t\t\t\t\t\t\t\t\t<\/div>\n\t\t\t\t<\/div>\n\t\t\t\t\t<\/div>\n\t\t<\/div>\n\t\t\t\t<div class=\"elementor-column elementor-col-33 elementor-top-column elementor-element elementor-element-ab85602\" data-id=\"ab85602\" data-element_type=\"column\">\n\t\t\t<div class=\"elementor-widget-wrap elementor-element-populated\">\n\t\t\t\t\t\t<div class=\"elementor-element elementor-element-5b2c4fc elementor-widget elementor-widget-image\" data-id=\"5b2c4fc\" data-element_type=\"widget\" data-widget_type=\"image.default\">\n\t\t\t\t<div class=\"elementor-widget-container\">\n\t\t\t\t\t\t\t\t\t\t\t\t\t<img decoding=\"async\" width=\"776\" height=\"1083\" src=\"https:\/\/maidoche.com\/wp-content\/uploads\/2025\/03\/fenetre-en-bois-cremone-geule-de-loup-charente-maritime-jonzac-1.jpg\" class=\"attachment-full size-full wp-image-1174\" alt=\"\" srcset=\"https:\/\/maidoche.com\/wp-content\/uploads\/2025\/03\/fenetre-en-bois-cremone-geule-de-loup-charente-maritime-jonzac-1.jpg 776w, https:\/\/maidoche.com\/wp-content\/uploads\/2025\/03\/fenetre-en-bois-cremone-geule-de-loup-charente-maritime-jonzac-1-215x300.jpg 215w, https:\/\/maidoche.com\/wp-content\/uploads\/2025\/03\/fenetre-en-bois-cremone-geule-de-loup-charente-maritime-jonzac-1-734x1024.jpg 734w, https:\/\/maidoche.com\/wp-content\/uploads\/2025\/03\/fenetre-en-bois-cremone-geule-de-loup-charente-maritime-jonzac-1-768x1072.jpg 768w\" sizes=\"(max-width: 776px) 100vw, 776px\" \/>\t\t\t\t\t\t\t\t\t\t\t\t\t<\/div>\n\t\t\t\t<\/div>\n\t\t\t\t\t<\/div>\n\t\t<\/div>\n\t\t\t\t<div class=\"elementor-column elementor-col-33 elementor-top-column elementor-element elementor-element-096a51f\" data-id=\"096a51f\" data-element_type=\"column\">\n\t\t\t<div class=\"elementor-widget-wrap elementor-element-populated\">\n\t\t\t\t\t\t<div class=\"elementor-element elementor-element-4b93f1f elementor-widget__width-initial elementor-widget elementor-widget-image\" data-id=\"4b93f1f\" data-element_type=\"widget\" data-widget_type=\"image.default\">\n\t\t\t\t<div class=\"elementor-widget-container\">\n\t\t\t\t\t\t\t\t\t\t\t\t\t<img loading=\"lazy\" decoding=\"async\" width=\"790\" height=\"1024\" src=\"https:\/\/maidoche.com\/wp-content\/uploads\/2025\/03\/fenetre-en-bois-cremone-geule-de-loup-charente-maritime-jonzac-3-790x1024.jpg\" class=\"attachment-large size-large wp-image-1175\" alt=\"\" srcset=\"https:\/\/maidoche.com\/wp-content\/uploads\/2025\/03\/fenetre-en-bois-cremone-geule-de-loup-charente-maritime-jonzac-3-790x1024.jpg 790w, https:\/\/maidoche.com\/wp-content\/uploads\/2025\/03\/fenetre-en-bois-cremone-geule-de-loup-charente-maritime-jonzac-3-231x300.jpg 231w, https:\/\/maidoche.com\/wp-content\/uploads\/2025\/03\/fenetre-en-bois-cremone-geule-de-loup-charente-maritime-jonzac-3-768x996.jpg 768w, https:\/\/maidoche.com\/wp-content\/uploads\/2025\/03\/fenetre-en-bois-cremone-geule-de-loup-charente-maritime-jonzac-3-1184x1536.jpg 1184w, https:\/\/maidoche.com\/wp-content\/uploads\/2025\/03\/fenetre-en-bois-cremone-geule-de-loup-charente-maritime-jonzac-3.jpg 1192w\" sizes=\"(max-width: 790px) 100vw, 790px\" \/>\t\t\t\t\t\t\t\t\t\t\t\t\t<\/div>\n\t\t\t\t<\/div>\n\t\t\t\t\t<\/div>\n\t\t<\/div>\n\t\t\t\t\t<\/div>\n\t\t<\/section>\n\t\t\t\t<section class=\"elementor-section elementor-top-section elementor-element elementor-element-baa8198 elementor-section-boxed elementor-section-height-default elementor-section-height-default\" data-id=\"baa8198\" data-element_type=\"section\">\n\t\t\t\t\t\t<div class=\"elementor-container elementor-column-gap-default\">\n\t\t\t\t\t<div class=\"elementor-column elementor-col-100 elementor-top-column elementor-element elementor-element-2463a05\" data-id=\"2463a05\" data-element_type=\"column\">\n\t\t\t<div class=\"elementor-widget-wrap elementor-element-populated\">\n\t\t\t\t\t\t<div class=\"elementor-element elementor-element-970bb14 elementor-widget elementor-widget-text-editor\" data-id=\"970bb14\" data-element_type=\"widget\" data-widget_type=\"text-editor.default\">\n\t\t\t\t<div class=\"elementor-widget-container\">\n\t\t\t\t\t\t\t<p><span style=\"color: #333333;\">Fen\u00eatres en bois de ch\u00eane, petits bois coll\u00e9s avec intercalaire, intercalaire blanc, entr\u00e9e d&rsquo;air invisibles int\u00e9gr\u00e9es au b\u00e2ti, vitrage \u00ab\u00a0extra blanc\u00a0\u00bb.<\/span><\/p><p><span style=\"color: #333333;\">Le vitrage \u00ab\u00a0extra blanc\u00a0\u00bb de Saint-Gobain laisse passer plus de lumi\u00e8re encore qu&rsquo;un vitrage clair et offre une transparence sup\u00e9rieure, une vision plus nette et plus brillante.<\/span><\/p>\t\t\t\t\t\t<\/div>\n\t\t\t\t<\/div>\n\t\t\t\t\t<\/div>\n\t\t<\/div>\n\t\t\t\t\t<\/div>\n\t\t<\/section>\n\t\t\t\t<section class=\"elementor-section elementor-top-section elementor-element elementor-element-df88ca5 elementor-section-boxed elementor-section-height-default elementor-section-height-default\" data-id=\"df88ca5\" data-element_type=\"section\">\n\t\t\t\t\t\t<div class=\"elementor-container elementor-column-gap-default\">\n\t\t\t\t\t<div class=\"elementor-column elementor-col-33 elementor-top-column elementor-element elementor-element-872e391\" data-id=\"872e391\" data-element_type=\"column\">\n\t\t\t<div class=\"elementor-widget-wrap elementor-element-populated\">\n\t\t\t\t\t\t<div class=\"elementor-element elementor-element-972d909 elementor-widget elementor-widget-image\" data-id=\"972d909\" data-element_type=\"widget\" data-widget_type=\"image.default\">\n\t\t\t\t<div class=\"elementor-widget-container\">\n\t\t\t\t\t\t\t\t\t\t\t\t\t<img loading=\"lazy\" decoding=\"async\" width=\"722\" height=\"1024\" src=\"https:\/\/maidoche.com\/wp-content\/uploads\/2025\/03\/porte-fermiere-en-bois-charente-maritime-jonzac-1-722x1024.jpg\" class=\"attachment-large size-large wp-image-1191\" alt=\"Fourniture et pose d&#039;une porte fermi\u00e8re en bois sur mesure et sur plan, avec deux battants haut et bas s&#039;ouvrant ind\u00e9pendamment.\" srcset=\"https:\/\/maidoche.com\/wp-content\/uploads\/2025\/03\/porte-fermiere-en-bois-charente-maritime-jonzac-1-722x1024.jpg 722w, https:\/\/maidoche.com\/wp-content\/uploads\/2025\/03\/porte-fermiere-en-bois-charente-maritime-jonzac-1-212x300.jpg 212w, https:\/\/maidoche.com\/wp-content\/uploads\/2025\/03\/porte-fermiere-en-bois-charente-maritime-jonzac-1-768x1089.jpg 768w, https:\/\/maidoche.com\/wp-content\/uploads\/2025\/03\/porte-fermiere-en-bois-charente-maritime-jonzac-1-1084x1536.jpg 1084w, https:\/\/maidoche.com\/wp-content\/uploads\/2025\/03\/porte-fermiere-en-bois-charente-maritime-jonzac-1.jpg 1090w\" sizes=\"(max-width: 722px) 100vw, 722px\" \/>\t\t\t\t\t\t\t\t\t\t\t\t\t<\/div>\n\t\t\t\t<\/div>\n\t\t\t\t\t<\/div>\n\t\t<\/div>\n\t\t\t\t<div class=\"elementor-column elementor-col-33 elementor-top-column elementor-element elementor-element-6e10d7b\" data-id=\"6e10d7b\" data-element_type=\"column\">\n\t\t\t<div class=\"elementor-widget-wrap elementor-element-populated\">\n\t\t\t\t\t\t<div class=\"elementor-element elementor-element-0795a3f elementor-widget elementor-widget-image\" data-id=\"0795a3f\" data-element_type=\"widget\" data-widget_type=\"image.default\">\n\t\t\t\t<div class=\"elementor-widget-container\">\n\t\t\t\t\t\t\t\t\t\t\t\t\t<img loading=\"lazy\" decoding=\"async\" width=\"800\" height=\"954\" src=\"https:\/\/maidoche.com\/wp-content\/uploads\/2025\/03\/porte-vitree-en-bois-charente-maritime-jonzac-2-859x1024.jpg\" class=\"attachment-large size-large wp-image-1190\" alt=\"Fourniture et pose d&#039;une porte d&#039;entr\u00e9e vitr\u00e9e en bois, avec petits bois, r\u00e9alis\u00e9e enti\u00e8rement sur mesure et sur plan.\" srcset=\"https:\/\/maidoche.com\/wp-content\/uploads\/2025\/03\/porte-vitree-en-bois-charente-maritime-jonzac-2-859x1024.jpg 859w, https:\/\/maidoche.com\/wp-content\/uploads\/2025\/03\/porte-vitree-en-bois-charente-maritime-jonzac-2-252x300.jpg 252w, https:\/\/maidoche.com\/wp-content\/uploads\/2025\/03\/porte-vitree-en-bois-charente-maritime-jonzac-2-768x915.jpg 768w, https:\/\/maidoche.com\/wp-content\/uploads\/2025\/03\/porte-vitree-en-bois-charente-maritime-jonzac-2.jpg 1189w\" sizes=\"(max-width: 800px) 100vw, 800px\" \/>\t\t\t\t\t\t\t\t\t\t\t\t\t<\/div>\n\t\t\t\t<\/div>\n\t\t\t\t\t<\/div>\n\t\t<\/div>\n\t\t\t\t<div class=\"elementor-column elementor-col-33 elementor-top-column elementor-element elementor-element-09ac473\" data-id=\"09ac473\" data-element_type=\"column\">\n\t\t\t<div class=\"elementor-widget-wrap elementor-element-populated\">\n\t\t\t\t\t\t<div class=\"elementor-element elementor-element-95b000a elementor-widget elementor-widget-image\" data-id=\"95b000a\" data-element_type=\"widget\" data-widget_type=\"image.default\">\n\t\t\t\t<div class=\"elementor-widget-container\">\n\t\t\t\t\t\t\t\t\t\t\t\t\t<img loading=\"lazy\" decoding=\"async\" width=\"800\" height=\"960\" src=\"https:\/\/maidoche.com\/wp-content\/uploads\/2025\/03\/porte-vitree-en-bois-charente-maritime-jonzac-3-853x1024.jpg\" class=\"attachment-large size-large wp-image-1189\" alt=\"\" srcset=\"https:\/\/maidoche.com\/wp-content\/uploads\/2025\/03\/porte-vitree-en-bois-charente-maritime-jonzac-3-853x1024.jpg 853w, https:\/\/maidoche.com\/wp-content\/uploads\/2025\/03\/porte-vitree-en-bois-charente-maritime-jonzac-3-250x300.jpg 250w, https:\/\/maidoche.com\/wp-content\/uploads\/2025\/03\/porte-vitree-en-bois-charente-maritime-jonzac-3-768x922.jpg 768w, https:\/\/maidoche.com\/wp-content\/uploads\/2025\/03\/porte-vitree-en-bois-charente-maritime-jonzac-3.jpg 1178w\" sizes=\"(max-width: 800px) 100vw, 800px\" \/>\t\t\t\t\t\t\t\t\t\t\t\t\t<\/div>\n\t\t\t\t<\/div>\n\t\t\t\t\t<\/div>\n\t\t<\/div>\n\t\t\t\t\t<\/div>\n\t\t<\/section>\n\t\t\t\t<section class=\"elementor-section elementor-top-section elementor-element elementor-element-fef0d97 elementor-section-boxed elementor-section-height-default elementor-section-height-default\" data-id=\"fef0d97\" data-element_type=\"section\">\n\t\t\t\t\t\t<div class=\"elementor-container elementor-column-gap-default\">\n\t\t\t\t\t<div class=\"elementor-column elementor-col-100 elementor-top-column elementor-element elementor-element-6c7e539\" data-id=\"6c7e539\" data-element_type=\"column\">\n\t\t\t<div class=\"elementor-widget-wrap elementor-element-populated\">\n\t\t\t\t\t\t<div class=\"elementor-element elementor-element-641f8f7 elementor-widget elementor-widget-text-editor\" data-id=\"641f8f7\" data-element_type=\"widget\" data-widget_type=\"text-editor.default\">\n\t\t\t\t<div class=\"elementor-widget-container\">\n\t\t\t\t\t\t\t<p><span style=\"color: #333333;\">R\u00e9alisation de deux portes en bois de ch\u00eane, enti\u00e8rement sur mesure et sur plan. Une porte d&rsquo;entr\u00e9e vitr\u00e9e (RAL 9010 et 7030) et une porte fermi\u00e8re \u00e0 deux battants haut et bas s&rsquo;ouvrant ind\u00e9pendamment (RAL 9010 et 1004).<\/span><\/p>\t\t\t\t\t\t<\/div>\n\t\t\t\t<\/div>\n\t\t\t\t\t<\/div>\n\t\t<\/div>\n\t\t\t\t\t<\/div>\n\t\t<\/section>\n\t\t\t\t<\/div>\n\t\t","protected":false},"excerpt":{"rendered":"<p>NOS ACTUALIT\u00c9S Remplacement \u00e0 l&rsquo;identique d&rsquo;un ensemble de fen\u00eatres et de portes en bois pr\u00e8s de Jonzac en Charente Maritime, dans une maison de ma\u00eetre \u00e0 proximit\u00e9 d&rsquo;une \u00c9glise class\u00e9e monument historique. Fen\u00eatres en bois de ch\u00eane, petits bois coll\u00e9s avec intercalaire, intercalaire blanc, entr\u00e9e d&rsquo;air invisibles int\u00e9gr\u00e9es au b\u00e2ti, vitrage \u00ab\u00a0extra blanc\u00a0\u00bb. Le vitrage [&hellip;]<\/p>\n","protected":false},"author":1,"featured_media":0,"parent":0,"menu_order":0,"comment_status":"closed","ping_status":"closed","template":"","meta":{"footnotes":""},"class_list":["post-87","page","type-page","status-publish","hentry"],"_links":{"self":[{"href":"https:\/\/maidoche.com\/index.php\/wp-json\/wp\/v2\/pages\/87","targetHints":{"allow":["GET"]}}],"collection":[{"href":"https:\/\/maidoche.com\/index.php\/wp-json\/wp\/v2\/pages"}],"about":[{"href":"https:\/\/maidoche.com\/index.php\/wp-json\/wp\/v2\/types\/page"}],"author":[{"embeddable":true,"href":"https:\/\/maidoche.com\/index.php\/wp-json\/wp\/v2\/users\/1"}],"replies":[{"embeddable":true,"href":"https:\/\/maidoche.com\/index.php\/wp-json\/wp\/v2\/comments?post=87"}],"version-history":[{"count":196,"href":"https:\/\/maidoche.com\/index.php\/wp-json\/wp\/v2\/pages\/87\/revisions"}],"predecessor-version":[{"id":1200,"href":"https:\/\/maidoche.com\/index.php\/wp-json\/wp\/v2\/pages\/87\/revisions\/1200"}],"wp:attachment":[{"href":"https:\/\/maidoche.com\/index.php\/wp-json\/wp\/v2\/media?parent=87"}],"curies":[{"name":"wp","href":"https:\/\/api.w.org\/{rel}","templated":true}]}}