{"id":397,"date":"2022-11-25T14:30:46","date_gmt":"2022-11-25T13:30:46","guid":{"rendered":"http:\/\/manufah.cluster031.hosting.ovh.net\/?page_id=397"},"modified":"2025-03-15T19:47:40","modified_gmt":"2025-03-15T18:47:40","slug":"fenetre-gueule-de-loup","status":"publish","type":"page","link":"https:\/\/maidoche.com\/index.php\/fenetre-gueule-de-loup\/","title":{"rendered":"Fen\u00eatre Gueule de loup"},"content":{"rendered":"\t\t<div data-elementor-type=\"wp-page\" data-elementor-id=\"397\" class=\"elementor elementor-397\">\n\t\t\t\t\t\t<section class=\"elementor-section elementor-top-section elementor-element elementor-element-cd0152e elementor-section-boxed elementor-section-height-default elementor-section-height-default\" data-id=\"cd0152e\" data-element_type=\"section\">\n\t\t\t\t\t\t<div class=\"elementor-container elementor-column-gap-default\">\n\t\t\t\t\t<div class=\"elementor-column elementor-col-100 elementor-top-column elementor-element elementor-element-be40e02\" data-id=\"be40e02\" data-element_type=\"column\">\n\t\t\t<div class=\"elementor-widget-wrap elementor-element-populated\">\n\t\t\t\t\t\t<div class=\"elementor-element elementor-element-9615a39 elementor-widget elementor-widget-text-editor\" data-id=\"9615a39\" data-element_type=\"widget\" data-widget_type=\"text-editor.default\">\n\t\t\t\t<div class=\"elementor-widget-container\">\n\t\t\t<style>\/*! elementor - v3.21.0 - 08-05-2024 *\/\n.elementor-widget-text-editor.elementor-drop-cap-view-stacked .elementor-drop-cap{background-color:#69727d;color:#fff}.elementor-widget-text-editor.elementor-drop-cap-view-framed .elementor-drop-cap{color:#69727d;border:3px solid;background-color:transparent}.elementor-widget-text-editor:not(.elementor-drop-cap-view-default) .elementor-drop-cap{margin-top:8px}.elementor-widget-text-editor:not(.elementor-drop-cap-view-default) .elementor-drop-cap-letter{width:1em;height:1em}.elementor-widget-text-editor .elementor-drop-cap{float:left;text-align:center;line-height:1;font-size:50px}.elementor-widget-text-editor .elementor-drop-cap-letter{display:inline-block}<\/style>\t\t\t\t<p>\u00a0<\/p><p style=\"text-align: center;\"><span style=\"color: #333333;\">Remplacement \u00e0 <span style=\"caret-color: #333333;\">l&rsquo;identique<\/span>\u00a0des fen\u00eatres \u00e0 cr\u00e9mone<\/span><\/p><p style=\"text-align: center;\">\u00a0<\/p>\t\t\t\t\t\t<\/div>\n\t\t\t\t<\/div>\n\t\t\t\t\t<\/div>\n\t\t<\/div>\n\t\t\t\t\t<\/div>\n\t\t<\/section>\n\t\t\t\t<section class=\"elementor-section elementor-top-section elementor-element elementor-element-65d4090 elementor-section-boxed elementor-section-height-default elementor-section-height-default\" data-id=\"65d4090\" data-element_type=\"section\">\n\t\t\t\t\t\t<div class=\"elementor-container elementor-column-gap-default\">\n\t\t\t\t\t<div class=\"elementor-column elementor-col-100 elementor-top-column elementor-element elementor-element-7d02706\" data-id=\"7d02706\" data-element_type=\"column\">\n\t\t\t<div class=\"elementor-widget-wrap elementor-element-populated\">\n\t\t\t\t\t\t<div class=\"elementor-element elementor-element-c9b9ccd elementor-widget elementor-widget-image\" data-id=\"c9b9ccd\" data-element_type=\"widget\" data-widget_type=\"image.default\">\n\t\t\t\t<div class=\"elementor-widget-container\">\n\t\t\t<style>\/*! elementor - v3.21.0 - 08-05-2024 *\/\n.elementor-widget-image{text-align:center}.elementor-widget-image a{display:inline-block}.elementor-widget-image a img[src$=\".svg\"]{width:48px}.elementor-widget-image img{vertical-align:middle;display:inline-block}<\/style>\t\t\t\t\t\t\t\t\t\t<img fetchpriority=\"high\" decoding=\"async\" width=\"2056\" height=\"770\" src=\"https:\/\/maidoche.com\/wp-content\/uploads\/2022\/12\/banner.jpg\" class=\"attachment-full size-full wp-image-585\" alt=\"\" srcset=\"https:\/\/maidoche.com\/wp-content\/uploads\/2022\/12\/banner.jpg 2056w, https:\/\/maidoche.com\/wp-content\/uploads\/2022\/12\/banner-300x112.jpg 300w, https:\/\/maidoche.com\/wp-content\/uploads\/2022\/12\/banner-1024x384.jpg 1024w, https:\/\/maidoche.com\/wp-content\/uploads\/2022\/12\/banner-768x288.jpg 768w, https:\/\/maidoche.com\/wp-content\/uploads\/2022\/12\/banner-1536x575.jpg 1536w, https:\/\/maidoche.com\/wp-content\/uploads\/2022\/12\/banner-2048x767.jpg 2048w\" sizes=\"(max-width: 2056px) 100vw, 2056px\" \/>\t\t\t\t\t\t\t\t\t\t\t\t\t<\/div>\n\t\t\t\t<\/div>\n\t\t\t\t\t<\/div>\n\t\t<\/div>\n\t\t\t\t\t<\/div>\n\t\t<\/section>\n\t\t\t\t<section class=\"elementor-section elementor-top-section elementor-element elementor-element-7ab0de6 elementor-section-boxed elementor-section-height-default elementor-section-height-default\" data-id=\"7ab0de6\" data-element_type=\"section\">\n\t\t\t\t\t\t<div class=\"elementor-container elementor-column-gap-default\">\n\t\t\t\t\t<div class=\"elementor-column elementor-col-100 elementor-top-column elementor-element elementor-element-2dde3ce\" data-id=\"2dde3ce\" data-element_type=\"column\">\n\t\t\t<div class=\"elementor-widget-wrap elementor-element-populated\">\n\t\t\t\t\t\t<div class=\"elementor-element elementor-element-e001801 elementor-widget elementor-widget-text-editor\" data-id=\"e001801\" data-element_type=\"widget\" data-widget_type=\"text-editor.default\">\n\t\t\t\t<div class=\"elementor-widget-container\">\n\t\t\t\t\t\t\t<p><span style=\"color: #333333;\"><span style=\"color: #808000;\">MA\u00cfDOCHE<\/span><span style=\"color: #000000;\">\u00a0<span style=\"caret-color: #333333;\">reproduit \u00e0 l&rsquo;identique les fen\u00eatres anciennes du patrimoine fran\u00e7ais&#8230;<\/span><\/span><\/span><\/p>\t\t\t\t\t\t<\/div>\n\t\t\t\t<\/div>\n\t\t\t\t\t<\/div>\n\t\t<\/div>\n\t\t\t\t\t<\/div>\n\t\t<\/section>\n\t\t\t\t<section class=\"elementor-section elementor-top-section elementor-element elementor-element-3b1fb7c elementor-section-boxed elementor-section-height-default elementor-section-height-default\" data-id=\"3b1fb7c\" data-element_type=\"section\">\n\t\t\t\t\t\t<div class=\"elementor-container elementor-column-gap-default\">\n\t\t\t\t\t<div class=\"elementor-column elementor-col-100 elementor-top-column elementor-element elementor-element-e92f19e\" data-id=\"e92f19e\" data-element_type=\"column\">\n\t\t\t<div class=\"elementor-widget-wrap elementor-element-populated\">\n\t\t\t\t\t\t<div class=\"elementor-element elementor-element-4795c43 elementor-widget elementor-widget-text-editor\" data-id=\"4795c43\" data-element_type=\"widget\" data-widget_type=\"text-editor.default\">\n\t\t\t\t<div class=\"elementor-widget-container\">\n\t\t\t\t\t\t\t<p><span style=\"color: #000000;\">&#8230;et restaure les cr\u00e9mones en fonte d&rsquo;\u00e9poque pour les r\u00e9adapter \u00e0 la nouvelle fen\u00eatre \u00e0 gueule-de-loup double vitrage.<\/span><\/p>\t\t\t\t\t\t<\/div>\n\t\t\t\t<\/div>\n\t\t\t\t\t<\/div>\n\t\t<\/div>\n\t\t\t\t\t<\/div>\n\t\t<\/section>\n\t\t\t\t<section class=\"elementor-section elementor-top-section elementor-element elementor-element-6fa6843 elementor-section-boxed elementor-section-height-default elementor-section-height-default\" data-id=\"6fa6843\" data-element_type=\"section\">\n\t\t\t\t\t\t<div class=\"elementor-container elementor-column-gap-default\">\n\t\t\t\t\t<div class=\"elementor-column elementor-col-33 elementor-top-column elementor-element elementor-element-749b881\" data-id=\"749b881\" data-element_type=\"column\">\n\t\t\t<div class=\"elementor-widget-wrap elementor-element-populated\">\n\t\t\t\t\t\t<div class=\"elementor-element elementor-element-7b334db elementor-widget elementor-widget-image\" data-id=\"7b334db\" data-element_type=\"widget\" data-widget_type=\"image.default\">\n\t\t\t\t<div class=\"elementor-widget-container\">\n\t\t\t\t\t\t\t\t\t\t\t\t\t<img decoding=\"async\" width=\"768\" height=\"1024\" src=\"https:\/\/maidoche.com\/wp-content\/uploads\/2024\/10\/Cremone-noir-Grande-768x1024.jpeg\" class=\"attachment-large size-large wp-image-963\" alt=\"\" srcset=\"https:\/\/maidoche.com\/wp-content\/uploads\/2024\/10\/Cremone-noir-Grande-768x1024.jpeg 768w, https:\/\/maidoche.com\/wp-content\/uploads\/2024\/10\/Cremone-noir-Grande-225x300.jpeg 225w, https:\/\/maidoche.com\/wp-content\/uploads\/2024\/10\/Cremone-noir-Grande.jpeg 960w\" sizes=\"(max-width: 768px) 100vw, 768px\" \/>\t\t\t\t\t\t\t\t\t\t\t\t\t<\/div>\n\t\t\t\t<\/div>\n\t\t\t\t\t<\/div>\n\t\t<\/div>\n\t\t\t\t<div class=\"elementor-column elementor-col-33 elementor-top-column elementor-element elementor-element-cd43754\" data-id=\"cd43754\" data-element_type=\"column\">\n\t\t\t<div class=\"elementor-widget-wrap elementor-element-populated\">\n\t\t\t\t\t\t<div class=\"elementor-element elementor-element-475bb94 elementor-widget elementor-widget-image\" data-id=\"475bb94\" data-element_type=\"widget\" data-widget_type=\"image.default\">\n\t\t\t\t<div class=\"elementor-widget-container\">\n\t\t\t\t\t\t\t\t\t\t\t\t\t<img decoding=\"async\" width=\"768\" height=\"1024\" src=\"https:\/\/maidoche.com\/wp-content\/uploads\/2024\/10\/Cremone-laiton-Grande-768x1024.jpeg\" class=\"attachment-large size-large wp-image-962\" alt=\"Cr\u00e9mone ancienne restaur\u00e9e par sablage et r\u00e9adapt\u00e9e \u00e0 la nouvelle fen\u00eatre \u00e0 mouton et gueule de loup double vitrage.\" srcset=\"https:\/\/maidoche.com\/wp-content\/uploads\/2024\/10\/Cremone-laiton-Grande-768x1024.jpeg 768w, https:\/\/maidoche.com\/wp-content\/uploads\/2024\/10\/Cremone-laiton-Grande-225x300.jpeg 225w, https:\/\/maidoche.com\/wp-content\/uploads\/2024\/10\/Cremone-laiton-Grande.jpeg 960w\" sizes=\"(max-width: 768px) 100vw, 768px\" \/>\t\t\t\t\t\t\t\t\t\t\t\t\t<\/div>\n\t\t\t\t<\/div>\n\t\t\t\t\t<\/div>\n\t\t<\/div>\n\t\t\t\t<div class=\"elementor-column elementor-col-33 elementor-top-column elementor-element elementor-element-8ebc5e3\" data-id=\"8ebc5e3\" data-element_type=\"column\">\n\t\t\t<div class=\"elementor-widget-wrap elementor-element-populated\">\n\t\t\t\t\t\t<div class=\"elementor-element elementor-element-7898238 elementor-widget elementor-widget-image\" data-id=\"7898238\" data-element_type=\"widget\" data-widget_type=\"image.default\">\n\t\t\t\t<div class=\"elementor-widget-container\">\n\t\t\t\t\t\t\t\t\t\t\t\t\t<img loading=\"lazy\" decoding=\"async\" width=\"768\" height=\"1024\" src=\"https:\/\/maidoche.com\/wp-content\/uploads\/2024\/10\/IMG_0077-Grande-768x1024.jpeg\" class=\"attachment-large size-large wp-image-964\" alt=\"\" srcset=\"https:\/\/maidoche.com\/wp-content\/uploads\/2024\/10\/IMG_0077-Grande-768x1024.jpeg 768w, https:\/\/maidoche.com\/wp-content\/uploads\/2024\/10\/IMG_0077-Grande-225x300.jpeg 225w, https:\/\/maidoche.com\/wp-content\/uploads\/2024\/10\/IMG_0077-Grande.jpeg 960w\" sizes=\"(max-width: 768px) 100vw, 768px\" \/>\t\t\t\t\t\t\t\t\t\t\t\t\t<\/div>\n\t\t\t\t<\/div>\n\t\t\t\t\t<\/div>\n\t\t<\/div>\n\t\t\t\t\t<\/div>\n\t\t<\/section>\n\t\t\t\t<section class=\"elementor-section elementor-top-section elementor-element elementor-element-5c1baac elementor-section-boxed elementor-section-height-default elementor-section-height-default\" data-id=\"5c1baac\" data-element_type=\"section\">\n\t\t\t\t\t\t<div class=\"elementor-container elementor-column-gap-default\">\n\t\t\t\t\t<div class=\"elementor-column elementor-col-100 elementor-top-column elementor-element elementor-element-9f217b8\" data-id=\"9f217b8\" data-element_type=\"column\">\n\t\t\t<div class=\"elementor-widget-wrap elementor-element-populated\">\n\t\t\t\t\t\t<div class=\"elementor-element elementor-element-5d50dda elementor-widget elementor-widget-text-editor\" data-id=\"5d50dda\" data-element_type=\"widget\" data-widget_type=\"text-editor.default\">\n\t\t\t\t<div class=\"elementor-widget-container\">\n\t\t\t\t\t\t\t<p>\u00a0<\/p><p><span style=\"color: #808000;\">MA\u00cfDOCHE INNOVATION.<\/span><span style=\"color: #000000;\"><span style=\"color: #333333;\">\u00a0Nous proposons EGlas le vitrage chauffant de Saint-Gobain.<\/span><\/span><\/p>\t\t\t\t\t\t<\/div>\n\t\t\t\t<\/div>\n\t\t\t\t\t<\/div>\n\t\t<\/div>\n\t\t\t\t\t<\/div>\n\t\t<\/section>\n\t\t\t\t<section class=\"elementor-section elementor-top-section elementor-element elementor-element-0c33f91 elementor-section-boxed elementor-section-height-default elementor-section-height-default\" data-id=\"0c33f91\" data-element_type=\"section\">\n\t\t\t\t\t\t<div class=\"elementor-container elementor-column-gap-default\">\n\t\t\t\t\t<div class=\"elementor-column elementor-col-50 elementor-top-column elementor-element elementor-element-e84b402\" data-id=\"e84b402\" data-element_type=\"column\">\n\t\t\t<div class=\"elementor-widget-wrap elementor-element-populated\">\n\t\t\t\t\t\t<div class=\"elementor-element elementor-element-a61f7d7 elementor-widget elementor-widget-image\" data-id=\"a61f7d7\" data-element_type=\"widget\" data-widget_type=\"image.default\">\n\t\t\t\t<div class=\"elementor-widget-container\">\n\t\t\t\t\t\t\t\t\t\t\t\t\t<img loading=\"lazy\" decoding=\"async\" width=\"800\" height=\"556\" src=\"https:\/\/maidoche.com\/wp-content\/uploads\/2024\/11\/vitrage-chauffant-1024x712.jpeg\" class=\"attachment-large size-large wp-image-1107\" alt=\"\" srcset=\"https:\/\/maidoche.com\/wp-content\/uploads\/2024\/11\/vitrage-chauffant-1024x712.jpeg 1024w, https:\/\/maidoche.com\/wp-content\/uploads\/2024\/11\/vitrage-chauffant-300x209.jpeg 300w, https:\/\/maidoche.com\/wp-content\/uploads\/2024\/11\/vitrage-chauffant-768x534.jpeg 768w, https:\/\/maidoche.com\/wp-content\/uploads\/2024\/11\/vitrage-chauffant-1536x1068.jpeg 1536w, https:\/\/maidoche.com\/wp-content\/uploads\/2024\/11\/vitrage-chauffant-2048x1424.jpeg 2048w\" sizes=\"(max-width: 800px) 100vw, 800px\" \/>\t\t\t\t\t\t\t\t\t\t\t\t\t<\/div>\n\t\t\t\t<\/div>\n\t\t\t\t\t<\/div>\n\t\t<\/div>\n\t\t\t\t<div class=\"elementor-column elementor-col-50 elementor-top-column elementor-element elementor-element-0f9458e\" data-id=\"0f9458e\" data-element_type=\"column\">\n\t\t\t<div class=\"elementor-widget-wrap elementor-element-populated\">\n\t\t\t\t\t\t<div class=\"elementor-element elementor-element-f0d1321 elementor-widget elementor-widget-image\" data-id=\"f0d1321\" data-element_type=\"widget\" data-widget_type=\"image.default\">\n\t\t\t\t<div class=\"elementor-widget-container\">\n\t\t\t\t\t\t\t\t\t\t\t\t\t<img loading=\"lazy\" decoding=\"async\" width=\"631\" height=\"509\" src=\"https:\/\/maidoche.com\/wp-content\/uploads\/2024\/11\/fenetre-chauffante-concept.jpg\" class=\"attachment-large size-large wp-image-1108\" alt=\"\" srcset=\"https:\/\/maidoche.com\/wp-content\/uploads\/2024\/11\/fenetre-chauffante-concept.jpg 631w, https:\/\/maidoche.com\/wp-content\/uploads\/2024\/11\/fenetre-chauffante-concept-300x242.jpg 300w\" sizes=\"(max-width: 631px) 100vw, 631px\" \/>\t\t\t\t\t\t\t\t\t\t\t\t\t<\/div>\n\t\t\t\t<\/div>\n\t\t\t\t\t<\/div>\n\t\t<\/div>\n\t\t\t\t\t<\/div>\n\t\t<\/section>\n\t\t\t\t<section class=\"elementor-section elementor-top-section elementor-element elementor-element-0951142 elementor-section-boxed elementor-section-height-default elementor-section-height-default\" data-id=\"0951142\" data-element_type=\"section\">\n\t\t\t\t\t\t<div class=\"elementor-container elementor-column-gap-default\">\n\t\t\t\t\t<div class=\"elementor-column elementor-col-100 elementor-top-column elementor-element elementor-element-f20b13b\" data-id=\"f20b13b\" data-element_type=\"column\">\n\t\t\t<div class=\"elementor-widget-wrap elementor-element-populated\">\n\t\t\t\t\t\t<div class=\"elementor-element elementor-element-c6215f9 elementor-widget elementor-widget-text-editor\" data-id=\"c6215f9\" data-element_type=\"widget\" data-widget_type=\"text-editor.default\">\n\t\t\t\t<div class=\"elementor-widget-container\">\n\t\t\t\t\t\t\t<p><span style=\"color: #000000;\">Isolation thermique, confort visuel et \u00e9conomie d&rsquo;\u00e9nergie&#8230;<\/span><\/p><p><span style=\"color: #000000;\">EGLAS est une solution de chauffage int\u00e9gr\u00e9 et invisible, qui peut \u00eatre utilis\u00e9 selon la puissance choisie comme chauffage d&rsquo;appoint ou chauffage principal.<\/span><span style=\"color: #000000;\"> Radiant, il ne g\u00e9n\u00e8re pas de courant d\u2019air et n&rsquo;\u00e9met pas de Compos\u00e9 Organique Volatile (COV).<\/span><\/p>\t\t\t\t\t\t<\/div>\n\t\t\t\t<\/div>\n\t\t\t\t\t<\/div>\n\t\t<\/div>\n\t\t\t\t\t<\/div>\n\t\t<\/section>\n\t\t\t\t<section class=\"elementor-section elementor-top-section elementor-element elementor-element-2005139 elementor-section-boxed elementor-section-height-default elementor-section-height-default\" data-id=\"2005139\" data-element_type=\"section\">\n\t\t\t\t\t\t<div class=\"elementor-container elementor-column-gap-default\">\n\t\t\t\t\t<div class=\"elementor-column elementor-col-100 elementor-top-column elementor-element elementor-element-a2013d3\" data-id=\"a2013d3\" data-element_type=\"column\">\n\t\t\t<div class=\"elementor-widget-wrap elementor-element-populated\">\n\t\t\t\t\t\t<div class=\"elementor-element elementor-element-2d2877b elementor-widget elementor-widget-text-editor\" data-id=\"2d2877b\" data-element_type=\"widget\" data-widget_type=\"text-editor.default\">\n\t\t\t\t<div class=\"elementor-widget-container\">\n\t\t\t\t\t\t\t<p>\u00a0<\/p><p><span style=\"color: #000000;\"><span style=\"color: #808000;\">MA\u00cfDOCHE<\/span> <span style=\"color: #333333;\">reproduit \u00e0 l&rsquo;identique les fen\u00eatres au vitrage bomb\u00e9e des fa\u00e7ades \u00e0 rotonde.<\/span><\/span><\/p>\t\t\t\t\t\t<\/div>\n\t\t\t\t<\/div>\n\t\t\t\t\t<\/div>\n\t\t<\/div>\n\t\t\t\t\t<\/div>\n\t\t<\/section>\n\t\t\t\t<section class=\"elementor-section elementor-top-section elementor-element elementor-element-7918e88 elementor-section-boxed elementor-section-height-default elementor-section-height-default\" data-id=\"7918e88\" data-element_type=\"section\">\n\t\t\t\t\t\t<div class=\"elementor-container elementor-column-gap-default\">\n\t\t\t\t\t<div class=\"elementor-column elementor-col-50 elementor-top-column elementor-element elementor-element-85cd4aa\" data-id=\"85cd4aa\" data-element_type=\"column\">\n\t\t\t<div class=\"elementor-widget-wrap elementor-element-populated\">\n\t\t\t\t\t\t<div class=\"elementor-element elementor-element-e8d8a4a elementor-widget elementor-widget-image\" data-id=\"e8d8a4a\" data-element_type=\"widget\" data-widget_type=\"image.default\">\n\t\t\t\t<div class=\"elementor-widget-container\">\n\t\t\t\t\t\t\t\t\t\t\t\t\t<img loading=\"lazy\" decoding=\"async\" width=\"800\" height=\"936\" src=\"https:\/\/maidoche.com\/wp-content\/uploads\/2024\/11\/PHOTO-2024-10-14-13-54-46-2-copie-875x1024.jpg\" class=\"attachment-large size-large wp-image-1111\" alt=\"\" srcset=\"https:\/\/maidoche.com\/wp-content\/uploads\/2024\/11\/PHOTO-2024-10-14-13-54-46-2-copie-875x1024.jpg 875w, https:\/\/maidoche.com\/wp-content\/uploads\/2024\/11\/PHOTO-2024-10-14-13-54-46-2-copie-256x300.jpg 256w, https:\/\/maidoche.com\/wp-content\/uploads\/2024\/11\/PHOTO-2024-10-14-13-54-46-2-copie-768x899.jpg 768w, https:\/\/maidoche.com\/wp-content\/uploads\/2024\/11\/PHOTO-2024-10-14-13-54-46-2-copie-1313x1536.jpg 1313w, https:\/\/maidoche.com\/wp-content\/uploads\/2024\/11\/PHOTO-2024-10-14-13-54-46-2-copie.jpg 1439w\" sizes=\"(max-width: 800px) 100vw, 800px\" \/>\t\t\t\t\t\t\t\t\t\t\t\t\t<\/div>\n\t\t\t\t<\/div>\n\t\t\t\t\t<\/div>\n\t\t<\/div>\n\t\t\t\t<div class=\"elementor-column elementor-col-50 elementor-top-column elementor-element elementor-element-6998c0d\" data-id=\"6998c0d\" data-element_type=\"column\">\n\t\t\t<div class=\"elementor-widget-wrap elementor-element-populated\">\n\t\t\t\t\t\t<div class=\"elementor-element elementor-element-8ad27e1 elementor-widget elementor-widget-image\" data-id=\"8ad27e1\" data-element_type=\"widget\" data-widget_type=\"image.default\">\n\t\t\t\t<div class=\"elementor-widget-container\">\n\t\t\t\t\t\t\t\t\t\t\t\t\t<img loading=\"lazy\" decoding=\"async\" width=\"768\" height=\"1024\" src=\"https:\/\/maidoche.com\/wp-content\/uploads\/2024\/11\/IMG_7575-768x1024.jpeg\" class=\"attachment-large size-large wp-image-1110\" alt=\"\" srcset=\"https:\/\/maidoche.com\/wp-content\/uploads\/2024\/11\/IMG_7575-768x1024.jpeg 768w, https:\/\/maidoche.com\/wp-content\/uploads\/2024\/11\/IMG_7575-225x300.jpeg 225w, https:\/\/maidoche.com\/wp-content\/uploads\/2024\/11\/IMG_7575-1152x1536.jpeg 1152w, https:\/\/maidoche.com\/wp-content\/uploads\/2024\/11\/IMG_7575-1536x2048.jpeg 1536w, https:\/\/maidoche.com\/wp-content\/uploads\/2024\/11\/IMG_7575-scaled.jpeg 1920w\" sizes=\"(max-width: 768px) 100vw, 768px\" \/>\t\t\t\t\t\t\t\t\t\t\t\t\t<\/div>\n\t\t\t\t<\/div>\n\t\t\t\t\t<\/div>\n\t\t<\/div>\n\t\t\t\t\t<\/div>\n\t\t<\/section>\n\t\t\t\t<section class=\"elementor-section elementor-top-section elementor-element elementor-element-9b04694 elementor-section-boxed elementor-section-height-default elementor-section-height-default\" data-id=\"9b04694\" data-element_type=\"section\">\n\t\t\t\t\t\t<div class=\"elementor-container elementor-column-gap-default\">\n\t\t\t\t\t<div class=\"elementor-column elementor-col-100 elementor-top-column elementor-element elementor-element-2dddab5\" data-id=\"2dddab5\" data-element_type=\"column\">\n\t\t\t<div class=\"elementor-widget-wrap elementor-element-populated\">\n\t\t\t\t\t\t<div class=\"elementor-element elementor-element-bee317f elementor-widget elementor-widget-text-editor\" data-id=\"bee317f\" data-element_type=\"widget\" data-widget_type=\"text-editor.default\">\n\t\t\t\t<div class=\"elementor-widget-container\">\n\t\t\t\t\t\t\t<p><span style=\"color: #000000;\">Pr\u00e9servation du patrimoine et r\u00e9novation \u00e9nerg\u00e9tique avec, \u00e0 gauche, la reproduction \u00e0 l&rsquo;identique de la fen\u00eatre bomb\u00e9e d&rsquo;un immeuble de rue des Chalets dans le 16e arrondissement de Paris.<\/span><\/p><p><span style=\"color: #000000;\">Menuiserie d&rsquo;exception qui perp\u00e9tue la tradition et rend hommage aux techniques anciennes.<\/span><\/p>\t\t\t\t\t\t<\/div>\n\t\t\t\t<\/div>\n\t\t\t\t\t<\/div>\n\t\t<\/div>\n\t\t\t\t\t<\/div>\n\t\t<\/section>\n\t\t\t\t<\/div>\n\t\t","protected":false},"excerpt":{"rendered":"<p>\u00a0 Remplacement \u00e0 l&rsquo;identique\u00a0des fen\u00eatres \u00e0 cr\u00e9mone \u00a0 MA\u00cfDOCHE\u00a0reproduit \u00e0 l&rsquo;identique les fen\u00eatres anciennes du patrimoine fran\u00e7ais&#8230; &#8230;et restaure les cr\u00e9mones en fonte d&rsquo;\u00e9poque pour les r\u00e9adapter \u00e0 la nouvelle fen\u00eatre \u00e0 gueule-de-loup double vitrage. \u00a0 MA\u00cfDOCHE INNOVATION.\u00a0Nous proposons EGlas le vitrage chauffant de Saint-Gobain. Isolation thermique, confort visuel et \u00e9conomie d&rsquo;\u00e9nergie&#8230; EGLAS est une [&hellip;]<\/p>\n","protected":false},"author":1,"featured_media":0,"parent":0,"menu_order":0,"comment_status":"closed","ping_status":"closed","template":"","meta":{"footnotes":""},"class_list":["post-397","page","type-page","status-publish","hentry"],"_links":{"self":[{"href":"https:\/\/maidoche.com\/index.php\/wp-json\/wp\/v2\/pages\/397","targetHints":{"allow":["GET"]}}],"collection":[{"href":"https:\/\/maidoche.com\/index.php\/wp-json\/wp\/v2\/pages"}],"about":[{"href":"https:\/\/maidoche.com\/index.php\/wp-json\/wp\/v2\/types\/page"}],"author":[{"embeddable":true,"href":"https:\/\/maidoche.com\/index.php\/wp-json\/wp\/v2\/users\/1"}],"replies":[{"embeddable":true,"href":"https:\/\/maidoche.com\/index.php\/wp-json\/wp\/v2\/comments?post=397"}],"version-history":[{"count":133,"href":"https:\/\/maidoche.com\/index.php\/wp-json\/wp\/v2\/pages\/397\/revisions"}],"predecessor-version":[{"id":1184,"href":"https:\/\/maidoche.com\/index.php\/wp-json\/wp\/v2\/pages\/397\/revisions\/1184"}],"wp:attachment":[{"href":"https:\/\/maidoche.com\/index.php\/wp-json\/wp\/v2\/media?parent=397"}],"curies":[{"name":"wp","href":"https:\/\/api.w.org\/{rel}","templated":true}]}}