{"id":384,"date":"2022-11-24T15:59:05","date_gmt":"2022-11-24T14:59:05","guid":{"rendered":"http:\/\/manufah.cluster031.hosting.ovh.net\/?page_id=384"},"modified":"2025-10-10T15:49:50","modified_gmt":"2025-10-10T13:49:50","slug":"espace-pro","status":"publish","type":"page","link":"https:\/\/maidoche.com\/index.php\/espace-pro\/","title":{"rendered":"B2B"},"content":{"rendered":"\t\t<div data-elementor-type=\"wp-page\" data-elementor-id=\"384\" class=\"elementor elementor-384\">\n\t\t\t\t\t\t<section class=\"elementor-section elementor-top-section elementor-element elementor-element-0ba7d04 elementor-section-boxed elementor-section-height-default elementor-section-height-default\" data-id=\"0ba7d04\" data-element_type=\"section\">\n\t\t\t\t\t\t<div class=\"elementor-container elementor-column-gap-default\">\n\t\t\t\t\t<div class=\"elementor-column elementor-col-100 elementor-top-column elementor-element elementor-element-6705a09\" data-id=\"6705a09\" data-element_type=\"column\">\n\t\t\t<div class=\"elementor-widget-wrap elementor-element-populated\">\n\t\t\t\t\t\t<div class=\"elementor-element elementor-element-692f476 elementor-widget elementor-widget-text-editor\" data-id=\"692f476\" data-element_type=\"widget\" data-widget_type=\"text-editor.default\">\n\t\t\t\t<div class=\"elementor-widget-container\">\n\t\t\t<style>\/*! elementor - v3.21.0 - 08-05-2024 *\/\n.elementor-widget-text-editor.elementor-drop-cap-view-stacked .elementor-drop-cap{background-color:#69727d;color:#fff}.elementor-widget-text-editor.elementor-drop-cap-view-framed .elementor-drop-cap{color:#69727d;border:3px solid;background-color:transparent}.elementor-widget-text-editor:not(.elementor-drop-cap-view-default) .elementor-drop-cap{margin-top:8px}.elementor-widget-text-editor:not(.elementor-drop-cap-view-default) .elementor-drop-cap-letter{width:1em;height:1em}.elementor-widget-text-editor .elementor-drop-cap{float:left;text-align:center;line-height:1;font-size:50px}.elementor-widget-text-editor .elementor-drop-cap-letter{display:inline-block}<\/style>\t\t\t\t<p style=\"text-align: center;\"><span style=\"color: #333333;\">\u00a0<\/span><\/p><h3 style=\"text-align: center;\"><span style=\"color: #808000;\">Un acc\u00e8s privil\u00e9gi\u00e9 \u00e0 notre r\u00e9seau de fabricants polonais<\/span><\/h3><p style=\"text-align: center;\">BOIS &#8211; ALU &#8211; PVC<\/p><p>\u00a0<\/p><p style=\"text-align: center;\">Lignes de production d\u00e9di\u00e9es au march\u00e9 fran\u00e7ais<br data-start=\"797\" data-end=\"800\" \/>Sp\u00e9cialisation patrimoine et sur-mesure<\/p><p>\u00a0<\/p><p style=\"text-align: center;\">Prix d&rsquo;usine n\u00e9goci\u00e9s<\/p><p style=\"text-align: center;\">Suivi logistique<\/p><p>\u00a0<\/p>\t\t\t\t\t\t<\/div>\n\t\t\t\t<\/div>\n\t\t\t\t\t<\/div>\n\t\t<\/div>\n\t\t\t\t\t<\/div>\n\t\t<\/section>\n\t\t\t\t<section class=\"elementor-section elementor-top-section elementor-element elementor-element-73de493 elementor-section-boxed elementor-section-height-default elementor-section-height-default\" data-id=\"73de493\" data-element_type=\"section\">\n\t\t\t\t\t\t<div class=\"elementor-container elementor-column-gap-default\">\n\t\t\t\t\t<div class=\"elementor-column elementor-col-100 elementor-top-column elementor-element elementor-element-92203b0\" data-id=\"92203b0\" data-element_type=\"column\">\n\t\t\t<div class=\"elementor-widget-wrap elementor-element-populated\">\n\t\t\t\t\t\t<div class=\"elementor-element elementor-element-e5faa63 elementor-widget elementor-widget-image\" data-id=\"e5faa63\" data-element_type=\"widget\" data-widget_type=\"image.default\">\n\t\t\t\t<div class=\"elementor-widget-container\">\n\t\t\t<style>\/*! elementor - v3.21.0 - 08-05-2024 *\/\n.elementor-widget-image{text-align:center}.elementor-widget-image a{display:inline-block}.elementor-widget-image a img[src$=\".svg\"]{width:48px}.elementor-widget-image img{vertical-align:middle;display:inline-block}<\/style>\t\t\t\t\t\t\t\t\t\t<img fetchpriority=\"high\" decoding=\"async\" width=\"320\" height=\"240\" src=\"https:\/\/maidoche.com\/wp-content\/uploads\/2024\/10\/cremone.jpeg\" class=\"attachment-full size-full wp-image-886\" alt=\"\" srcset=\"https:\/\/maidoche.com\/wp-content\/uploads\/2024\/10\/cremone.jpeg 320w, https:\/\/maidoche.com\/wp-content\/uploads\/2024\/10\/cremone-300x225.jpeg 300w\" sizes=\"(max-width: 320px) 100vw, 320px\" \/>\t\t\t\t\t\t\t\t\t\t\t\t\t<\/div>\n\t\t\t\t<\/div>\n\t\t\t\t\t<\/div>\n\t\t<\/div>\n\t\t\t\t\t<\/div>\n\t\t<\/section>\n\t\t\t\t<section class=\"elementor-section elementor-top-section elementor-element elementor-element-ac39d42 elementor-section-boxed elementor-section-height-default elementor-section-height-default\" data-id=\"ac39d42\" data-element_type=\"section\">\n\t\t\t\t\t\t<div class=\"elementor-container elementor-column-gap-default\">\n\t\t\t\t\t<div class=\"elementor-column elementor-col-100 elementor-top-column elementor-element elementor-element-982883c\" data-id=\"982883c\" data-element_type=\"column\">\n\t\t\t<div class=\"elementor-widget-wrap elementor-element-populated\">\n\t\t\t\t\t\t<div class=\"elementor-element elementor-element-5bc4d6d elementor-widget elementor-widget-text-editor\" data-id=\"5bc4d6d\" data-element_type=\"widget\" data-widget_type=\"text-editor.default\">\n\t\t\t\t<div class=\"elementor-widget-container\">\n\t\t\t\t\t\t\t<p>\u00a0<\/p><h5 style=\"text-align: left;\"><span style=\"color: #808000;\">MAIDOCHE<\/span> met en relation les professionnels poseurs avec notre r\u00e9seau de fabricants polonais sp\u00e9cialis\u00e9s.<\/h5>\t\t\t\t\t\t<\/div>\n\t\t\t\t<\/div>\n\t\t\t\t\t<\/div>\n\t\t<\/div>\n\t\t\t\t\t<\/div>\n\t\t<\/section>\n\t\t\t\t<section class=\"elementor-section elementor-top-section elementor-element elementor-element-7c8b5dd elementor-section-boxed elementor-section-height-default elementor-section-height-default\" data-id=\"7c8b5dd\" data-element_type=\"section\">\n\t\t\t\t\t\t<div class=\"elementor-container elementor-column-gap-default\">\n\t\t\t\t\t<div class=\"elementor-column elementor-col-100 elementor-top-column elementor-element elementor-element-821a10d\" data-id=\"821a10d\" data-element_type=\"column\">\n\t\t\t<div class=\"elementor-widget-wrap elementor-element-populated\">\n\t\t\t\t\t\t<div class=\"elementor-element elementor-element-0282ca8 elementor-widget elementor-widget-image\" data-id=\"0282ca8\" data-element_type=\"widget\" data-widget_type=\"image.default\">\n\t\t\t\t<div class=\"elementor-widget-container\">\n\t\t\t\t\t\t\t\t\t\t\t\t\t<img decoding=\"async\" width=\"1242\" height=\"456\" src=\"https:\/\/maidoche.com\/wp-content\/uploads\/2025\/10\/logo_aluprof.jpeg\" class=\"attachment-full size-full wp-image-1219\" alt=\"\" srcset=\"https:\/\/maidoche.com\/wp-content\/uploads\/2025\/10\/logo_aluprof.jpeg 1242w, https:\/\/maidoche.com\/wp-content\/uploads\/2025\/10\/logo_aluprof-300x110.jpeg 300w, https:\/\/maidoche.com\/wp-content\/uploads\/2025\/10\/logo_aluprof-1024x376.jpeg 1024w, https:\/\/maidoche.com\/wp-content\/uploads\/2025\/10\/logo_aluprof-768x282.jpeg 768w\" sizes=\"(max-width: 1242px) 100vw, 1242px\" \/>\t\t\t\t\t\t\t\t\t\t\t\t\t<\/div>\n\t\t\t\t<\/div>\n\t\t\t\t\t<\/div>\n\t\t<\/div>\n\t\t\t\t\t<\/div>\n\t\t<\/section>\n\t\t\t\t<section class=\"elementor-section elementor-top-section elementor-element elementor-element-98ee0b7 elementor-section-boxed elementor-section-height-default elementor-section-height-default\" data-id=\"98ee0b7\" data-element_type=\"section\">\n\t\t\t\t\t\t<div class=\"elementor-container elementor-column-gap-default\">\n\t\t\t\t\t<div class=\"elementor-column elementor-col-66 elementor-top-column elementor-element elementor-element-6cde0ae\" data-id=\"6cde0ae\" data-element_type=\"column\">\n\t\t\t<div class=\"elementor-widget-wrap elementor-element-populated\">\n\t\t\t\t\t\t<div class=\"elementor-element elementor-element-acf4042 elementor-widget elementor-widget-image\" data-id=\"acf4042\" data-element_type=\"widget\" data-widget_type=\"image.default\">\n\t\t\t\t<div class=\"elementor-widget-container\">\n\t\t\t\t\t\t\t\t\t\t\t\t\t<img decoding=\"async\" width=\"800\" height=\"489\" src=\"https:\/\/maidoche.com\/wp-content\/uploads\/2025\/10\/showroom_aluprof_menuiserie_aluminium-1024x626.jpg\" class=\"attachment-large size-large wp-image-1214\" alt=\"\" srcset=\"https:\/\/maidoche.com\/wp-content\/uploads\/2025\/10\/showroom_aluprof_menuiserie_aluminium-1024x626.jpg 1024w, https:\/\/maidoche.com\/wp-content\/uploads\/2025\/10\/showroom_aluprof_menuiserie_aluminium-300x184.jpg 300w, https:\/\/maidoche.com\/wp-content\/uploads\/2025\/10\/showroom_aluprof_menuiserie_aluminium-768x470.jpg 768w, https:\/\/maidoche.com\/wp-content\/uploads\/2025\/10\/showroom_aluprof_menuiserie_aluminium.jpg 1476w\" sizes=\"(max-width: 800px) 100vw, 800px\" \/>\t\t\t\t\t\t\t\t\t\t\t\t\t<\/div>\n\t\t\t\t<\/div>\n\t\t\t\t\t<\/div>\n\t\t<\/div>\n\t\t\t\t<div class=\"elementor-column elementor-col-33 elementor-top-column elementor-element elementor-element-927b7cb\" data-id=\"927b7cb\" data-element_type=\"column\">\n\t\t\t<div class=\"elementor-widget-wrap elementor-element-populated\">\n\t\t\t\t\t\t<div class=\"elementor-element elementor-element-f1c8a54 elementor-widget elementor-widget-image\" data-id=\"f1c8a54\" data-element_type=\"widget\" data-widget_type=\"image.default\">\n\t\t\t\t<div class=\"elementor-widget-container\">\n\t\t\t\t\t\t\t\t\t\t\t\t\t<img loading=\"lazy\" decoding=\"async\" width=\"720\" height=\"1024\" src=\"https:\/\/maidoche.com\/wp-content\/uploads\/2025\/10\/Capture-decran-2025-10-10-a-15.27.40-720x1024.png\" class=\"attachment-large size-large wp-image-1221\" alt=\"\" srcset=\"https:\/\/maidoche.com\/wp-content\/uploads\/2025\/10\/Capture-decran-2025-10-10-a-15.27.40-720x1024.png 720w, https:\/\/maidoche.com\/wp-content\/uploads\/2025\/10\/Capture-decran-2025-10-10-a-15.27.40-211x300.png 211w, https:\/\/maidoche.com\/wp-content\/uploads\/2025\/10\/Capture-decran-2025-10-10-a-15.27.40-768x1092.png 768w, https:\/\/maidoche.com\/wp-content\/uploads\/2025\/10\/Capture-decran-2025-10-10-a-15.27.40.png 944w\" sizes=\"(max-width: 720px) 100vw, 720px\" \/>\t\t\t\t\t\t\t\t\t\t\t\t\t<\/div>\n\t\t\t\t<\/div>\n\t\t\t\t\t<\/div>\n\t\t<\/div>\n\t\t\t\t\t<\/div>\n\t\t<\/section>\n\t\t\t\t<section class=\"elementor-section elementor-top-section elementor-element elementor-element-d895e33 elementor-section-boxed elementor-section-height-default elementor-section-height-default\" data-id=\"d895e33\" data-element_type=\"section\">\n\t\t\t\t\t\t<div class=\"elementor-container elementor-column-gap-default\">\n\t\t\t\t\t<div class=\"elementor-column elementor-col-100 elementor-top-column elementor-element elementor-element-b319a55\" data-id=\"b319a55\" data-element_type=\"column\">\n\t\t\t<div class=\"elementor-widget-wrap elementor-element-populated\">\n\t\t\t\t\t\t<div class=\"elementor-element elementor-element-8435bdb elementor-widget elementor-widget-spacer\" data-id=\"8435bdb\" data-element_type=\"widget\" data-widget_type=\"spacer.default\">\n\t\t\t\t<div class=\"elementor-widget-container\">\n\t\t\t<style>\/*! elementor - v3.21.0 - 08-05-2024 *\/\n.elementor-column .elementor-spacer-inner{height:var(--spacer-size)}.e-con{--container-widget-width:100%}.e-con-inner>.elementor-widget-spacer,.e-con>.elementor-widget-spacer{width:var(--container-widget-width,var(--spacer-size));--align-self:var(--container-widget-align-self,initial);--flex-shrink:0}.e-con-inner>.elementor-widget-spacer>.elementor-widget-container,.e-con>.elementor-widget-spacer>.elementor-widget-container{height:100%;width:100%}.e-con-inner>.elementor-widget-spacer>.elementor-widget-container>.elementor-spacer,.e-con>.elementor-widget-spacer>.elementor-widget-container>.elementor-spacer{height:100%}.e-con-inner>.elementor-widget-spacer>.elementor-widget-container>.elementor-spacer>.elementor-spacer-inner,.e-con>.elementor-widget-spacer>.elementor-widget-container>.elementor-spacer>.elementor-spacer-inner{height:var(--container-widget-height,var(--spacer-size))}.e-con-inner>.elementor-widget-spacer.elementor-widget-empty,.e-con>.elementor-widget-spacer.elementor-widget-empty{position:relative;min-height:22px;min-width:22px}.e-con-inner>.elementor-widget-spacer.elementor-widget-empty .elementor-widget-empty-icon,.e-con>.elementor-widget-spacer.elementor-widget-empty .elementor-widget-empty-icon{position:absolute;top:0;bottom:0;left:0;right:0;margin:auto;padding:0;width:22px;height:22px}<\/style>\t\t<div class=\"elementor-spacer\">\n\t\t\t<div class=\"elementor-spacer-inner\"><\/div>\n\t\t<\/div>\n\t\t\t\t<\/div>\n\t\t\t\t<\/div>\n\t\t\t\t\t<\/div>\n\t\t<\/div>\n\t\t\t\t\t<\/div>\n\t\t<\/section>\n\t\t\t\t<section class=\"elementor-section elementor-top-section elementor-element elementor-element-3f4a331 elementor-section-boxed elementor-section-height-default elementor-section-height-default\" data-id=\"3f4a331\" data-element_type=\"section\">\n\t\t\t\t\t\t<div class=\"elementor-container elementor-column-gap-default\">\n\t\t\t\t\t<div class=\"elementor-column elementor-col-100 elementor-top-column elementor-element elementor-element-ae9bfdf\" data-id=\"ae9bfdf\" data-element_type=\"column\">\n\t\t\t<div class=\"elementor-widget-wrap elementor-element-populated\">\n\t\t\t\t\t\t<div class=\"elementor-element elementor-element-31f0821 elementor-widget elementor-widget-image\" data-id=\"31f0821\" data-element_type=\"widget\" data-widget_type=\"image.default\">\n\t\t\t\t<div class=\"elementor-widget-container\">\n\t\t\t\t\t\t\t\t\t\t\t\t\t<img loading=\"lazy\" decoding=\"async\" width=\"800\" height=\"252\" src=\"https:\/\/maidoche.com\/wp-content\/uploads\/2025\/10\/logo_rehau-1024x322.jpeg\" class=\"attachment-large size-large wp-image-1222\" alt=\"\" srcset=\"https:\/\/maidoche.com\/wp-content\/uploads\/2025\/10\/logo_rehau-1024x322.jpeg 1024w, https:\/\/maidoche.com\/wp-content\/uploads\/2025\/10\/logo_rehau-300x94.jpeg 300w, https:\/\/maidoche.com\/wp-content\/uploads\/2025\/10\/logo_rehau-768x242.jpeg 768w, https:\/\/maidoche.com\/wp-content\/uploads\/2025\/10\/logo_rehau.jpeg 1242w\" sizes=\"(max-width: 800px) 100vw, 800px\" \/>\t\t\t\t\t\t\t\t\t\t\t\t\t<\/div>\n\t\t\t\t<\/div>\n\t\t\t\t\t<\/div>\n\t\t<\/div>\n\t\t\t\t\t<\/div>\n\t\t<\/section>\n\t\t\t\t<section class=\"elementor-section elementor-top-section elementor-element elementor-element-8b30cfb elementor-section-boxed elementor-section-height-default elementor-section-height-default\" data-id=\"8b30cfb\" data-element_type=\"section\">\n\t\t\t\t\t\t<div class=\"elementor-container elementor-column-gap-default\">\n\t\t\t\t\t<div class=\"elementor-column elementor-col-100 elementor-top-column elementor-element elementor-element-ad0f09b\" data-id=\"ad0f09b\" data-element_type=\"column\">\n\t\t\t<div class=\"elementor-widget-wrap elementor-element-populated\">\n\t\t\t\t\t\t<div class=\"elementor-element elementor-element-236d9a0 elementor-widget elementor-widget-spacer\" data-id=\"236d9a0\" data-element_type=\"widget\" data-widget_type=\"spacer.default\">\n\t\t\t\t<div class=\"elementor-widget-container\">\n\t\t\t\t\t<div class=\"elementor-spacer\">\n\t\t\t<div class=\"elementor-spacer-inner\"><\/div>\n\t\t<\/div>\n\t\t\t\t<\/div>\n\t\t\t\t<\/div>\n\t\t\t\t\t<\/div>\n\t\t<\/div>\n\t\t\t\t\t<\/div>\n\t\t<\/section>\n\t\t\t\t<section class=\"elementor-section elementor-top-section elementor-element elementor-element-0f54c46 elementor-section-boxed elementor-section-height-default elementor-section-height-default\" data-id=\"0f54c46\" data-element_type=\"section\">\n\t\t\t\t\t\t<div class=\"elementor-container elementor-column-gap-default\">\n\t\t\t\t\t<div class=\"elementor-column elementor-col-100 elementor-top-column elementor-element elementor-element-05f4e18\" data-id=\"05f4e18\" data-element_type=\"column\">\n\t\t\t<div class=\"elementor-widget-wrap elementor-element-populated\">\n\t\t\t\t\t\t<div class=\"elementor-element elementor-element-65cdb17 elementor-widget elementor-widget-text-editor\" data-id=\"65cdb17\" data-element_type=\"widget\" data-widget_type=\"text-editor.default\">\n\t\t\t\t<div class=\"elementor-widget-container\">\n\t\t\t\t\t\t\t<h2 class=\"elementor-heading-title elementor-size-default elementor-inline-editing pen\" contenteditable=\"true\" data-elementor-setting-key=\"title\" data-pen-placeholder=\"\u00c9crivez ici...\"><span style=\"color: #333333;\">MAIDOCHE\u00a0met en relation les professionnels poseurs avec notre r\u00e9seau de fabricants polonais sp\u00e9cialis\u00e9s.\u200b<\/span><\/h2>\t\t\t\t\t\t<\/div>\n\t\t\t\t<\/div>\n\t\t\t\t\t<\/div>\n\t\t<\/div>\n\t\t\t\t\t<\/div>\n\t\t<\/section>\n\t\t\t\t<section class=\"elementor-section elementor-top-section elementor-element elementor-element-bead1b4 elementor-section-boxed elementor-section-height-default elementor-section-height-default\" data-id=\"bead1b4\" data-element_type=\"section\">\n\t\t\t\t\t\t<div class=\"elementor-container elementor-column-gap-default\">\n\t\t\t\t\t<div class=\"elementor-column elementor-col-50 elementor-top-column elementor-element elementor-element-150361e\" data-id=\"150361e\" data-element_type=\"column\">\n\t\t\t<div class=\"elementor-widget-wrap elementor-element-populated\">\n\t\t\t\t\t\t<div class=\"elementor-element elementor-element-577be6c elementor-widget elementor-widget-image\" data-id=\"577be6c\" data-element_type=\"widget\" data-widget_type=\"image.default\">\n\t\t\t\t<div class=\"elementor-widget-container\">\n\t\t\t\t\t\t\t\t\t\t\t\t\t<img loading=\"lazy\" decoding=\"async\" width=\"768\" height=\"1024\" src=\"https:\/\/maidoche.com\/wp-content\/uploads\/2024\/10\/Labo-Grande-768x1024.jpeg\" class=\"attachment-large size-large wp-image-887\" alt=\"\" srcset=\"https:\/\/maidoche.com\/wp-content\/uploads\/2024\/10\/Labo-Grande-768x1024.jpeg 768w, https:\/\/maidoche.com\/wp-content\/uploads\/2024\/10\/Labo-Grande-225x300.jpeg 225w, https:\/\/maidoche.com\/wp-content\/uploads\/2024\/10\/Labo-Grande.jpeg 960w\" sizes=\"(max-width: 768px) 100vw, 768px\" \/>\t\t\t\t\t\t\t\t\t\t\t\t\t<\/div>\n\t\t\t\t<\/div>\n\t\t\t\t\t<\/div>\n\t\t<\/div>\n\t\t\t\t<div class=\"elementor-column elementor-col-50 elementor-top-column elementor-element elementor-element-f7c5f22\" data-id=\"f7c5f22\" data-element_type=\"column\">\n\t\t\t<div class=\"elementor-widget-wrap elementor-element-populated\">\n\t\t\t\t\t\t<div class=\"elementor-element elementor-element-5804e8e elementor-widget elementor-widget-image\" data-id=\"5804e8e\" data-element_type=\"widget\" data-widget_type=\"image.default\">\n\t\t\t\t<div class=\"elementor-widget-container\">\n\t\t\t\t\t\t\t\t\t\t\t\t\t<img loading=\"lazy\" decoding=\"async\" width=\"768\" height=\"1024\" src=\"https:\/\/maidoche.com\/wp-content\/uploads\/2024\/10\/Main-mesurage.jpg\" class=\"attachment-large size-large wp-image-885\" alt=\"\" srcset=\"https:\/\/maidoche.com\/wp-content\/uploads\/2024\/10\/Main-mesurage.jpg 768w, https:\/\/maidoche.com\/wp-content\/uploads\/2024\/10\/Main-mesurage-225x300.jpg 225w\" sizes=\"(max-width: 768px) 100vw, 768px\" \/>\t\t\t\t\t\t\t\t\t\t\t\t\t<\/div>\n\t\t\t\t<\/div>\n\t\t\t\t\t<\/div>\n\t\t<\/div>\n\t\t\t\t\t<\/div>\n\t\t<\/section>\n\t\t\t\t<section class=\"elementor-section elementor-top-section elementor-element elementor-element-04b6248 elementor-section-boxed elementor-section-height-default elementor-section-height-default\" data-id=\"04b6248\" data-element_type=\"section\">\n\t\t\t\t\t\t<div class=\"elementor-container elementor-column-gap-default\">\n\t\t\t\t\t<div class=\"elementor-column elementor-col-100 elementor-top-column elementor-element elementor-element-8c44d77\" data-id=\"8c44d77\" data-element_type=\"column\">\n\t\t\t<div class=\"elementor-widget-wrap elementor-element-populated\">\n\t\t\t\t\t\t\t<\/div>\n\t\t<\/div>\n\t\t\t\t\t<\/div>\n\t\t<\/section>\n\t\t\t\t<section class=\"elementor-section elementor-top-section elementor-element elementor-element-79d5cf1 elementor-section-boxed elementor-section-height-default elementor-section-height-default\" data-id=\"79d5cf1\" data-element_type=\"section\">\n\t\t\t\t\t\t<div class=\"elementor-container elementor-column-gap-default\">\n\t\t\t\t\t<div class=\"elementor-column elementor-col-50 elementor-top-column elementor-element elementor-element-e9c8353\" data-id=\"e9c8353\" data-element_type=\"column\">\n\t\t\t<div class=\"elementor-widget-wrap elementor-element-populated\">\n\t\t\t\t\t\t<div class=\"elementor-element elementor-element-cc3454f elementor-widget elementor-widget-image\" data-id=\"cc3454f\" data-element_type=\"widget\" data-widget_type=\"image.default\">\n\t\t\t\t<div class=\"elementor-widget-container\">\n\t\t\t\t\t\t\t\t\t\t\t\t\t<img loading=\"lazy\" decoding=\"async\" width=\"768\" height=\"603\" src=\"https:\/\/maidoche.com\/wp-content\/uploads\/2025\/10\/usine_fenetre_en_bois.jpg\" class=\"attachment-large size-large wp-image-1204\" alt=\"\" srcset=\"https:\/\/maidoche.com\/wp-content\/uploads\/2025\/10\/usine_fenetre_en_bois.jpg 768w, https:\/\/maidoche.com\/wp-content\/uploads\/2025\/10\/usine_fenetre_en_bois-300x236.jpg 300w\" sizes=\"(max-width: 768px) 100vw, 768px\" \/>\t\t\t\t\t\t\t\t\t\t\t\t\t<\/div>\n\t\t\t\t<\/div>\n\t\t\t\t\t<\/div>\n\t\t<\/div>\n\t\t\t\t<div class=\"elementor-column elementor-col-50 elementor-top-column elementor-element elementor-element-9209b6c\" data-id=\"9209b6c\" data-element_type=\"column\">\n\t\t\t<div class=\"elementor-widget-wrap elementor-element-populated\">\n\t\t\t\t\t\t<div class=\"elementor-element elementor-element-53efdf2 elementor-widget__width-initial elementor-widget elementor-widget-image\" data-id=\"53efdf2\" data-element_type=\"widget\" data-widget_type=\"image.default\">\n\t\t\t\t<div class=\"elementor-widget-container\">\n\t\t\t\t\t\t\t\t\t\t\t\t\t<img loading=\"lazy\" decoding=\"async\" width=\"768\" height=\"1024\" src=\"https:\/\/maidoche.com\/wp-content\/uploads\/2024\/10\/Main-outil-Grande-768x1024.jpeg\" class=\"attachment-large size-large wp-image-897\" alt=\"\" srcset=\"https:\/\/maidoche.com\/wp-content\/uploads\/2024\/10\/Main-outil-Grande-768x1024.jpeg 768w, https:\/\/maidoche.com\/wp-content\/uploads\/2024\/10\/Main-outil-Grande-225x300.jpeg 225w, https:\/\/maidoche.com\/wp-content\/uploads\/2024\/10\/Main-outil-Grande.jpeg 960w\" sizes=\"(max-width: 768px) 100vw, 768px\" \/>\t\t\t\t\t\t\t\t\t\t\t\t\t<\/div>\n\t\t\t\t<\/div>\n\t\t\t\t\t<\/div>\n\t\t<\/div>\n\t\t\t\t\t<\/div>\n\t\t<\/section>\n\t\t\t\t<\/div>\n\t\t","protected":false},"excerpt":{"rendered":"<p>\u00a0 Un acc\u00e8s privil\u00e9gi\u00e9 \u00e0 notre r\u00e9seau de fabricants polonais BOIS &#8211; ALU &#8211; PVC \u00a0 Lignes de production d\u00e9di\u00e9es au march\u00e9 fran\u00e7aisSp\u00e9cialisation patrimoine et sur-mesure \u00a0 Prix d&rsquo;usine n\u00e9goci\u00e9s Suivi logistique \u00a0 \u00a0 MAIDOCHE met en relation les professionnels poseurs avec notre r\u00e9seau de fabricants polonais sp\u00e9cialis\u00e9s. MAIDOCHE\u00a0met en relation les professionnels poseurs avec [&hellip;]<\/p>\n","protected":false},"author":1,"featured_media":0,"parent":0,"menu_order":0,"comment_status":"closed","ping_status":"closed","template":"","meta":{"footnotes":""},"class_list":["post-384","page","type-page","status-publish","hentry"],"_links":{"self":[{"href":"https:\/\/maidoche.com\/index.php\/wp-json\/wp\/v2\/pages\/384","targetHints":{"allow":["GET"]}}],"collection":[{"href":"https:\/\/maidoche.com\/index.php\/wp-json\/wp\/v2\/pages"}],"about":[{"href":"https:\/\/maidoche.com\/index.php\/wp-json\/wp\/v2\/types\/page"}],"author":[{"embeddable":true,"href":"https:\/\/maidoche.com\/index.php\/wp-json\/wp\/v2\/users\/1"}],"replies":[{"embeddable":true,"href":"https:\/\/maidoche.com\/index.php\/wp-json\/wp\/v2\/comments?post=384"}],"version-history":[{"count":86,"href":"https:\/\/maidoche.com\/index.php\/wp-json\/wp\/v2\/pages\/384\/revisions"}],"predecessor-version":[{"id":1225,"href":"https:\/\/maidoche.com\/index.php\/wp-json\/wp\/v2\/pages\/384\/revisions\/1225"}],"wp:attachment":[{"href":"https:\/\/maidoche.com\/index.php\/wp-json\/wp\/v2\/media?parent=384"}],"curies":[{"name":"wp","href":"https:\/\/api.w.org\/{rel}","templated":true}]}}